{"id":121,"date":"2021-12-28T11:57:01","date_gmt":"2021-12-28T11:57:01","guid":{"rendered":"http:\/\/www.pekkatiitu.fi\/?page_id=121"},"modified":"2021-12-31T10:01:17","modified_gmt":"2021-12-31T10:01:17","slug":"tyonohjaus","status":"publish","type":"page","link":"https:\/\/www.pekkatiitu.fi\/index.php\/tyonohjaus\/","title":{"rendered":"Ty\u00f6nohjaus"},"content":{"rendered":"\n<div class=\"wp-block-columns\">\n<div class=\"wp-block-column\" style=\"flex-basis:100%\">\n<div class=\"wp-block-columns\">\n<div class=\"wp-block-column\" style=\"flex-basis:100%\">\n<div class=\"wp-block-columns\">\n<div class=\"wp-block-column\" style=\"flex-basis:66.66%\"><\/div>\n\n\n\n<div class=\"wp-block-column\" style=\"flex-basis:33.33%\"><\/div>\n<\/div>\n<\/div>\n<\/div>\n<\/div>\n<\/div>\n\n\n\n<div class=\"wp-block-columns\">\n<div class=\"wp-block-column\">\n<p class=\"has-medium-font-size\">Luomme ty\u00f6paikalla p\u00e4\u00e4mme sis\u00e4\u00e4n tarinoita totuuksina kokemastamme. Tarinamme rakentuvat vuosien kuluessa ja niiden tarkastelu on yksin haastavaa. Ty\u00f6nohjauksessa sin\u00e4 p\u00e4\u00e4set avullani tarkastelijan rooliin. Tarkastellessasi et\u00e4\u00e4lt\u00e4 omia ajattelun rakenteita saat uusia n\u00e4k\u00f6kulmia ajatteluusi. Sit\u00e4 on ty\u00f6nohjaus kanssani. \u00c4\u00e4rimm\u00e4isen mielenkiintoista ja opettavaista.<\/p>\n\n\n\n<p><\/p>\n\n\n\n<p class=\"has-medium-font-size\">Uskon, ett\u00e4 asiat ovat jo sinussa tai ryhm\u00e4ss\u00e4si. Tarvitaan vain aikaa, ajatuksesi ja minut.<\/p>\n\n\n\n<p class=\"has-medium-font-size\"><\/p>\n<\/div>\n\n\n\n<div class=\"wp-block-column\">\n<figure class=\"wp-block-gallery columns-1 is-cropped\"><ul class=\"blocks-gallery-grid\"><li class=\"blocks-gallery-item\"><figure><img loading=\"lazy\" width=\"1388\" height=\"1636\" src=\"https:\/\/www.pekkatiitu.fi\/wp-content\/uploads\/2021\/12\/PT-Pekka-Tiitu-logo-oval-slogan-tasa.png\" alt=\"\" data-id=\"202\" data-full-url=\"https:\/\/www.pekkatiitu.fi\/wp-content\/uploads\/2021\/12\/PT-Pekka-Tiitu-logo-oval-slogan-tasa.png\" data-link=\"https:\/\/www.pekkatiitu.fi\/pt-pekka-tiitu-logo-oval-slogan-tasa\/\" class=\"wp-image-202\" srcset=\"https:\/\/www.pekkatiitu.fi\/wp-content\/uploads\/2021\/12\/PT-Pekka-Tiitu-logo-oval-slogan-tasa.png 1388w, https:\/\/www.pekkatiitu.fi\/wp-content\/uploads\/2021\/12\/PT-Pekka-Tiitu-logo-oval-slogan-tasa-255x300.png 255w, https:\/\/www.pekkatiitu.fi\/wp-content\/uploads\/2021\/12\/PT-Pekka-Tiitu-logo-oval-slogan-tasa-869x1024.png 869w, https:\/\/www.pekkatiitu.fi\/wp-content\/uploads\/2021\/12\/PT-Pekka-Tiitu-logo-oval-slogan-tasa-768x905.png 768w, https:\/\/www.pekkatiitu.fi\/wp-content\/uploads\/2021\/12\/PT-Pekka-Tiitu-logo-oval-slogan-tasa-1303x1536.png 1303w, https:\/\/www.pekkatiitu.fi\/wp-content\/uploads\/2021\/12\/PT-Pekka-Tiitu-logo-oval-slogan-tasa-600x707.png 600w\" sizes=\"(max-width: 1388px) 100vw, 1388px\" \/><\/figure><\/li><\/ul><\/figure>\n<\/div>\n<\/div>\n\n\n\n<div class=\"wp-block-columns\">\n<div class=\"wp-block-column\"><\/div>\n\n\n\n<div class=\"wp-block-column\">\n<p class=\"has-medium-font-size\">Ajan antaminen itsellesi tai ty\u00f6ntekij\u00e4llesi on arvokasta kehittymisen ja ty\u00f6ss\u00e4 jaksamisen kannalta. Usein isommatkin solmut aukeavat kun istahtaa kiireett\u00e4 alas ja alkaa selvitt\u00e4\u00e4 vyyhti\u00e4. &nbsp;<\/p>\n<\/div>\n<\/div>\n\n\n\n<div class=\"wp-block-columns\">\n<div class=\"wp-block-column\"><\/div>\n\n\n\n<div class=\"wp-block-column\"><\/div>\n<\/div>\n\n\n\n<hr class=\"wp-block-separator\"\/>\n\n\n\n<h2 class=\"has-white-background-color has-background\">Ryhm\u00e4muotoinen ty\u00f6nohjaus<\/h2>\n\n\n\n<p class=\"has-accent-background-color has-background\">Ryhm\u00e4ss\u00e4 opimme toinen toisiltamme. Kuulemme toistemme tarinoita ja opimme ymm\u00e4rt\u00e4m\u00e4\u00e4n toinen toisiamme. Rento ja l\u00e4mmin tapani toimia luo ryhm\u00e4lle luottamuksen ep\u00e4varmojenkin asioiden julkituomisille. Jokainen ryhm\u00e4l\u00e4inen tuo oman panoksensa ryhm\u00e4n toimintaan ja toisin kuin kiireisess\u00e4 arjessa, my\u00f6s hiljaisimpienkin \u00e4\u00e4nell\u00e4 on mahdollisuus tulla kuulluksi. Toimintani ty\u00f6nohjaajana perustuu vahvalle l\u00e4sn\u00e4ololle, inhimillisyydelle ja avoimuudelle. Sin\u00e4 ja tavoitteesi ohjaavat keskustelun suuntaa ja vauhtia. Voit henk\u00e4ist\u00e4 ja rauhoittua, sill\u00e4 on sinun tai ryhm\u00e4si hetki.<\/p>\n\n\n\n<hr class=\"wp-block-separator\"\/>\n\n\n\n<div class=\"wp-block-columns\">\n<div class=\"wp-block-column\">\n<p><strong>Hinnasto<\/strong><\/p>\n\n\n\n<p>Ohjauksen hinta on 100 \u20ac\/h + ALV 24%&nbsp;<\/p>\n\n\n\n<p>Matkakulut 0,46 \u20ac\/km<\/p>\n\n\n\n<p>Ohjauspakettien laajuutta ja aikatauluja rakennetaan tapauskohtaisesti yhteisess\u00e4 suunnittelussa. &nbsp;<\/p>\n<\/div>\n\n\n\n<div class=\"wp-block-column\"><\/div>\n<\/div>\n\n\n\n<p><\/p>\n\n\n\n<p><\/p>\n\n\n\n<div style=\"height:100px\" aria-hidden=\"true\" class=\"wp-block-spacer\"><\/div>\n","protected":false},"excerpt":{"rendered":"<p>Luomme ty\u00f6paikalla p\u00e4\u00e4mme sis\u00e4\u00e4n tarinoita totuuksina kokemastamme. Tarinamme rakentuvat vuosien kuluessa ja niiden tarkastelu on yksin haastavaa. Ty\u00f6nohjauksessa sin\u00e4 p\u00e4\u00e4set avullani tarkastelijan rooliin. Tarkastellessasi et\u00e4\u00e4lt\u00e4 omia ajattelun rakenteita saat uusia n\u00e4k\u00f6kulmia ajatteluusi. Sit\u00e4 on ty\u00f6nohjaus kanssani. \u00c4\u00e4rimm\u00e4isen mielenkiintoista ja opettavaista. Uskon, ett\u00e4 asiat ovat jo sinussa tai ryhm\u00e4ss\u00e4si. Tarvitaan vain [&hellip;]<\/p>\n","protected":false},"author":1,"featured_media":0,"parent":0,"menu_order":0,"comment_status":"closed","ping_status":"closed","template":"elementor_theme","meta":[],"yoast_head":"<!-- This site is optimized with the Yoast SEO plugin v17.8 - https:\/\/yoast.com\/wordpress\/plugins\/seo\/ -->\n<title>Ty\u00f6nohjaus - Pekka Tiitu<\/title>\n<meta name=\"robots\" content=\"index, follow, max-snippet:-1, max-image-preview:large, max-video-preview:-1\" \/>\n<link rel=\"canonical\" href=\"https:\/\/www.pekkatiitu.fi\/index.php\/tyonohjaus\/\" \/>\n<meta property=\"og:locale\" content=\"fi_FI\" \/>\n<meta property=\"og:type\" content=\"article\" \/>\n<meta property=\"og:title\" content=\"Ty\u00f6nohjaus - Pekka Tiitu\" \/>\n<meta property=\"og:description\" content=\"Luomme ty\u00f6paikalla p\u00e4\u00e4mme sis\u00e4\u00e4n tarinoita totuuksina kokemastamme. Tarinamme rakentuvat vuosien kuluessa ja niiden tarkastelu on yksin haastavaa. Ty\u00f6nohjauksessa sin\u00e4 p\u00e4\u00e4set avullani tarkastelijan rooliin. Tarkastellessasi et\u00e4\u00e4lt\u00e4 omia ajattelun rakenteita saat uusia n\u00e4k\u00f6kulmia ajatteluusi. Sit\u00e4 on ty\u00f6nohjaus kanssani. \u00c4\u00e4rimm\u00e4isen mielenkiintoista ja opettavaista. Uskon, ett\u00e4 asiat ovat jo sinussa tai ryhm\u00e4ss\u00e4si. Tarvitaan vain [&hellip;]\" \/>\n<meta property=\"og:url\" content=\"https:\/\/www.pekkatiitu.fi\/index.php\/tyonohjaus\/\" \/>\n<meta property=\"og:site_name\" content=\"Pekka Tiitu\" \/>\n<meta property=\"article:modified_time\" content=\"2021-12-31T10:01:17+00:00\" \/>\n<meta property=\"og:image\" content=\"http:\/\/www.pekkatiitu.fi\/wp-content\/uploads\/2021\/12\/PT-Pekka-Tiitu-logo-oval-slogan-tasa.png\" \/>\n<meta name=\"twitter:card\" content=\"summary_large_image\" \/>\n<meta name=\"twitter:label1\" content=\"Arvioitu lukuaika\" \/>\n\t<meta name=\"twitter:data1\" content=\"2 minuuttia\" \/>\n<script type=\"application\/ld+json\" class=\"yoast-schema-graph\">{\"@context\":\"https:\/\/schema.org\",\"@graph\":[{\"@type\":[\"Person\",\"Organization\"],\"@id\":\"https:\/\/www.pekkatiitu.fi\/#\/schema\/person\/626e05674b9b2902ec811dd03803ebef\",\"name\":\"Pekka Tiitu\",\"image\":{\"@type\":\"ImageObject\",\"@id\":\"https:\/\/www.pekkatiitu.fi\/#personlogo\",\"inLanguage\":\"fi\",\"url\":\"http:\/\/www.pekkatiitu.fi\/wp-content\/uploads\/2021\/12\/PT-Pekka-Tiitu-logo-oval-tasa.png\",\"contentUrl\":\"http:\/\/www.pekkatiitu.fi\/wp-content\/uploads\/2021\/12\/PT-Pekka-Tiitu-logo-oval-tasa.png\",\"width\":1039,\"height\":1636,\"caption\":\"Pekka Tiitu\"},\"logo\":{\"@id\":\"https:\/\/www.pekkatiitu.fi\/#personlogo\"}},{\"@type\":\"WebSite\",\"@id\":\"https:\/\/www.pekkatiitu.fi\/#website\",\"url\":\"https:\/\/www.pekkatiitu.fi\/\",\"name\":\"Pekka Tiitu\",\"description\":\"Sinun ty&ouml;si tarina\",\"publisher\":{\"@id\":\"https:\/\/www.pekkatiitu.fi\/#\/schema\/person\/626e05674b9b2902ec811dd03803ebef\"},\"potentialAction\":[{\"@type\":\"SearchAction\",\"target\":{\"@type\":\"EntryPoint\",\"urlTemplate\":\"https:\/\/www.pekkatiitu.fi\/?s={search_term_string}\"},\"query-input\":\"required name=search_term_string\"}],\"inLanguage\":\"fi\"},{\"@type\":\"ImageObject\",\"@id\":\"https:\/\/www.pekkatiitu.fi\/index.php\/tyonohjaus\/#primaryimage\",\"inLanguage\":\"fi\",\"url\":\"http:\/\/www.pekkatiitu.fi\/wp-content\/uploads\/2021\/12\/PT-Pekka-Tiitu-logo-oval-slogan-tasa.png\",\"contentUrl\":\"http:\/\/www.pekkatiitu.fi\/wp-content\/uploads\/2021\/12\/PT-Pekka-Tiitu-logo-oval-slogan-tasa.png\"},{\"@type\":\"WebPage\",\"@id\":\"https:\/\/www.pekkatiitu.fi\/index.php\/tyonohjaus\/#webpage\",\"url\":\"https:\/\/www.pekkatiitu.fi\/index.php\/tyonohjaus\/\",\"name\":\"Ty\\u00f6nohjaus - Pekka Tiitu\",\"isPartOf\":{\"@id\":\"https:\/\/www.pekkatiitu.fi\/#website\"},\"primaryImageOfPage\":{\"@id\":\"https:\/\/www.pekkatiitu.fi\/index.php\/tyonohjaus\/#primaryimage\"},\"datePublished\":\"2021-12-28T11:57:01+00:00\",\"dateModified\":\"2021-12-31T10:01:17+00:00\",\"breadcrumb\":{\"@id\":\"https:\/\/www.pekkatiitu.fi\/index.php\/tyonohjaus\/#breadcrumb\"},\"inLanguage\":\"fi\",\"potentialAction\":[{\"@type\":\"ReadAction\",\"target\":[\"https:\/\/www.pekkatiitu.fi\/index.php\/tyonohjaus\/\"]}]},{\"@type\":\"BreadcrumbList\",\"@id\":\"https:\/\/www.pekkatiitu.fi\/index.php\/tyonohjaus\/#breadcrumb\",\"itemListElement\":[{\"@type\":\"ListItem\",\"position\":1,\"name\":\"Etusivu\",\"item\":\"https:\/\/www.pekkatiitu.fi\/\"},{\"@type\":\"ListItem\",\"position\":2,\"name\":\"Ty\\u00f6nohjaus\"}]}]}<\/script>\n<!-- \/ Yoast SEO plugin. -->","yoast_head_json":{"title":"Ty\u00f6nohjaus - Pekka Tiitu","robots":{"index":"index","follow":"follow","max-snippet":"max-snippet:-1","max-image-preview":"max-image-preview:large","max-video-preview":"max-video-preview:-1"},"canonical":"https:\/\/www.pekkatiitu.fi\/index.php\/tyonohjaus\/","og_locale":"fi_FI","og_type":"article","og_title":"Ty\u00f6nohjaus - Pekka Tiitu","og_description":"Luomme ty\u00f6paikalla p\u00e4\u00e4mme sis\u00e4\u00e4n tarinoita totuuksina kokemastamme. Tarinamme rakentuvat vuosien kuluessa ja niiden tarkastelu on yksin haastavaa. Ty\u00f6nohjauksessa sin\u00e4 p\u00e4\u00e4set avullani tarkastelijan rooliin. Tarkastellessasi et\u00e4\u00e4lt\u00e4 omia ajattelun rakenteita saat uusia n\u00e4k\u00f6kulmia ajatteluusi. Sit\u00e4 on ty\u00f6nohjaus kanssani. \u00c4\u00e4rimm\u00e4isen mielenkiintoista ja opettavaista. Uskon, ett\u00e4 asiat ovat jo sinussa tai ryhm\u00e4ss\u00e4si. Tarvitaan vain [&hellip;]","og_url":"https:\/\/www.pekkatiitu.fi\/index.php\/tyonohjaus\/","og_site_name":"Pekka Tiitu","article_modified_time":"2021-12-31T10:01:17+00:00","og_image":[{"url":"http:\/\/www.pekkatiitu.fi\/wp-content\/uploads\/2021\/12\/PT-Pekka-Tiitu-logo-oval-slogan-tasa.png"}],"twitter_card":"summary_large_image","twitter_misc":{"Arvioitu lukuaika":"2 minuuttia"},"schema":{"@context":"https:\/\/schema.org","@graph":[{"@type":["Person","Organization"],"@id":"https:\/\/www.pekkatiitu.fi\/#\/schema\/person\/626e05674b9b2902ec811dd03803ebef","name":"Pekka Tiitu","image":{"@type":"ImageObject","@id":"https:\/\/www.pekkatiitu.fi\/#personlogo","inLanguage":"fi","url":"http:\/\/www.pekkatiitu.fi\/wp-content\/uploads\/2021\/12\/PT-Pekka-Tiitu-logo-oval-tasa.png","contentUrl":"http:\/\/www.pekkatiitu.fi\/wp-content\/uploads\/2021\/12\/PT-Pekka-Tiitu-logo-oval-tasa.png","width":1039,"height":1636,"caption":"Pekka Tiitu"},"logo":{"@id":"https:\/\/www.pekkatiitu.fi\/#personlogo"}},{"@type":"WebSite","@id":"https:\/\/www.pekkatiitu.fi\/#website","url":"https:\/\/www.pekkatiitu.fi\/","name":"Pekka Tiitu","description":"Sinun ty&ouml;si tarina","publisher":{"@id":"https:\/\/www.pekkatiitu.fi\/#\/schema\/person\/626e05674b9b2902ec811dd03803ebef"},"potentialAction":[{"@type":"SearchAction","target":{"@type":"EntryPoint","urlTemplate":"https:\/\/www.pekkatiitu.fi\/?s={search_term_string}"},"query-input":"required name=search_term_string"}],"inLanguage":"fi"},{"@type":"ImageObject","@id":"https:\/\/www.pekkatiitu.fi\/index.php\/tyonohjaus\/#primaryimage","inLanguage":"fi","url":"http:\/\/www.pekkatiitu.fi\/wp-content\/uploads\/2021\/12\/PT-Pekka-Tiitu-logo-oval-slogan-tasa.png","contentUrl":"http:\/\/www.pekkatiitu.fi\/wp-content\/uploads\/2021\/12\/PT-Pekka-Tiitu-logo-oval-slogan-tasa.png"},{"@type":"WebPage","@id":"https:\/\/www.pekkatiitu.fi\/index.php\/tyonohjaus\/#webpage","url":"https:\/\/www.pekkatiitu.fi\/index.php\/tyonohjaus\/","name":"Ty\u00f6nohjaus - Pekka Tiitu","isPartOf":{"@id":"https:\/\/www.pekkatiitu.fi\/#website"},"primaryImageOfPage":{"@id":"https:\/\/www.pekkatiitu.fi\/index.php\/tyonohjaus\/#primaryimage"},"datePublished":"2021-12-28T11:57:01+00:00","dateModified":"2021-12-31T10:01:17+00:00","breadcrumb":{"@id":"https:\/\/www.pekkatiitu.fi\/index.php\/tyonohjaus\/#breadcrumb"},"inLanguage":"fi","potentialAction":[{"@type":"ReadAction","target":["https:\/\/www.pekkatiitu.fi\/index.php\/tyonohjaus\/"]}]},{"@type":"BreadcrumbList","@id":"https:\/\/www.pekkatiitu.fi\/index.php\/tyonohjaus\/#breadcrumb","itemListElement":[{"@type":"ListItem","position":1,"name":"Etusivu","item":"https:\/\/www.pekkatiitu.fi\/"},{"@type":"ListItem","position":2,"name":"Ty\u00f6nohjaus"}]}]}},"_links":{"self":[{"href":"https:\/\/www.pekkatiitu.fi\/index.php\/wp-json\/wp\/v2\/pages\/121"}],"collection":[{"href":"https:\/\/www.pekkatiitu.fi\/index.php\/wp-json\/wp\/v2\/pages"}],"about":[{"href":"https:\/\/www.pekkatiitu.fi\/index.php\/wp-json\/wp\/v2\/types\/page"}],"author":[{"embeddable":true,"href":"https:\/\/www.pekkatiitu.fi\/index.php\/wp-json\/wp\/v2\/users\/1"}],"replies":[{"embeddable":true,"href":"https:\/\/www.pekkatiitu.fi\/index.php\/wp-json\/wp\/v2\/comments?post=121"}],"version-history":[{"count":19,"href":"https:\/\/www.pekkatiitu.fi\/index.php\/wp-json\/wp\/v2\/pages\/121\/revisions"}],"predecessor-version":[{"id":207,"href":"https:\/\/www.pekkatiitu.fi\/index.php\/wp-json\/wp\/v2\/pages\/121\/revisions\/207"}],"wp:attachment":[{"href":"https:\/\/www.pekkatiitu.fi\/index.php\/wp-json\/wp\/v2\/media?parent=121"}],"curies":[{"name":"wp","href":"https:\/\/api.w.org\/{rel}","templated":true}]}}