{"id":103,"date":"2021-12-27T09:20:20","date_gmt":"2021-12-27T09:20:20","guid":{"rendered":"http:\/\/www.pekkatiitu.fi\/?page_id=103"},"modified":"2021-12-28T12:08:08","modified_gmt":"2021-12-28T12:08:08","slug":"mina","status":"publish","type":"page","link":"https:\/\/www.pekkatiitu.fi\/index.php\/mina\/","title":{"rendered":"Min\u00e4"},"content":{"rendered":"\n<div class=\"wp-block-columns\">\n<div class=\"wp-block-column\" style=\"flex-basis:33.33%\"><\/div>\n<\/div>\n\n\n\n<div class=\"wp-block-columns\">\n<div class=\"wp-block-column\">\n<figure class=\"wp-block-image size-large is-style-rounded\"><img loading=\"lazy\" width=\"768\" height=\"1024\" src=\"https:\/\/www.pekkatiitu.fi\/wp-content\/uploads\/2021\/12\/4190mv-768x1024.jpg\" alt=\"\" class=\"wp-image-26\" srcset=\"https:\/\/www.pekkatiitu.fi\/wp-content\/uploads\/2021\/12\/4190mv-768x1024.jpg 768w, https:\/\/www.pekkatiitu.fi\/wp-content\/uploads\/2021\/12\/4190mv-scaled-600x800.jpg 600w, https:\/\/www.pekkatiitu.fi\/wp-content\/uploads\/2021\/12\/4190mv-225x300.jpg 225w, https:\/\/www.pekkatiitu.fi\/wp-content\/uploads\/2021\/12\/4190mv-1152x1536.jpg 1152w, https:\/\/www.pekkatiitu.fi\/wp-content\/uploads\/2021\/12\/4190mv-1536x2048.jpg 1536w, https:\/\/www.pekkatiitu.fi\/wp-content\/uploads\/2021\/12\/4190mv-scaled.jpg 1920w\" sizes=\"(max-width: 768px) 100vw, 768px\" \/><\/figure>\n<\/div>\n\n\n\n<div class=\"wp-block-column\">\n<p>Olen ty\u00f6nohjaajana l\u00e4mmin ja empaattinen. T\u00e4n\u00e4 aikana, kun ty\u00f6el\u00e4m\u00e4n taakka kasvaa monella liiankin painavaksi, on tarjoamani ty\u00f6nohjaus rauhallinen ja turvallinen hetki melskeen keskell\u00e4. Olen harjoitellut kuuntelua ty\u00f6kseni jo yli 15-vuoden ajan ja olen hyv\u00e4 siin\u00e4.&nbsp; Sinun on helppo asettua ohjaukseen kanssani.&nbsp;<\/p>\n\n\n\n<p>Olen ty\u00f6skennellyt oppilaanohjaajana nuorten parissa. Ty\u00f6ni on opettanut herkkyyden kuulla asioita. Koulumaailma on minulle tuttua ja opetus- ja kasvatusalan ty\u00f6nohjaukset ovat ty\u00f6llist\u00e4neetkin minua eniten. Olen ohjannut yksil\u00f6in\u00e4 ja ryhmiss\u00e4 mm. rehtoreita, koulunk\u00e4ynnin ohjaajia, varhaiskasvattajia jne.<\/p>\n<\/div>\n<\/div>\n\n\n\n<div class=\"wp-block-columns\">\n<div class=\"wp-block-column\">\n<blockquote class=\"wp-block-quote is-style-default\"><p><em>Ty\u00f6nohjaus oli minulle eritt\u00e4in hy\u00f6dyllist\u00e4, koska olen saanut \u201doksentaa\u201d ulos asioista. Ty\u00f6nohjaus on auttanut minua oppimaan talon ja kollegojen toimintatapoja ja olen ymm\u00e4rt\u00e4nyt, ett\u00e4 en ole tiettyjen asioiden kanssa yksin. Ty\u00f6nohjaus on oikeasti auttanut ty\u00f6ss\u00e4 jaksamisessa. Kiitos Pekka!\u00a0<\/em><img alt=\"\ud83d\ude0a\" src=\"https:\/\/fonts.gstatic.com\/s\/e\/notoemoji\/14.0\/1f60a\/32.png\"><em>\u00a0ohjailit keskusteluja todella hyvin. Annoit todella hyvin tilaa kaikille ja oli kivaa kun sai olla my\u00f6s hiljaa.<\/em>\u00a0<\/p><cite><strong>Ryhm\u00e4ty\u00f6nohjauksen palautetta 2020<\/strong><\/cite><\/blockquote>\n<\/div>\n\n\n\n<div class=\"wp-block-column\">\n<p>Ty\u00f6nohjaukseni on tavoitteellista toimintaa. Uskon kuitenkin, ett\u00e4 kun suorittaa ty\u00f6ss\u00e4 ja on kiire, on ohjauksessa oltava lupa olla suorittamatta ja pys\u00e4hty\u00e4.&nbsp;<\/p>\n\n\n\n<p>Ota yhteytt\u00e4 ja pohditaan yhdess\u00e4 muotoa ja kestoa, jolla sinun ty\u00f6paikallesi ty\u00f6nohjausta toteutetaan.<\/p>\n\n\n\n<p>-Pekka<\/p>\n<\/div>\n<\/div>\n","protected":false},"excerpt":{"rendered":"<p>Olen ty\u00f6nohjaajana l\u00e4mmin ja empaattinen. T\u00e4n\u00e4 aikana, kun ty\u00f6el\u00e4m\u00e4n taakka kasvaa monella liiankin painavaksi, on tarjoamani ty\u00f6nohjaus rauhallinen ja turvallinen hetki melskeen keskell\u00e4. Olen harjoitellut kuuntelua ty\u00f6kseni jo yli 15-vuoden ajan ja olen hyv\u00e4 siin\u00e4.&nbsp; Sinun on helppo asettua ohjaukseen kanssani.&nbsp; Olen ty\u00f6skennellyt oppilaanohjaajana nuorten parissa. Ty\u00f6ni on opettanut herkkyyden [&hellip;]<\/p>\n","protected":false},"author":1,"featured_media":0,"parent":0,"menu_order":0,"comment_status":"closed","ping_status":"closed","template":"","meta":[],"yoast_head":"<!-- This site is optimized with the Yoast SEO plugin v17.8 - https:\/\/yoast.com\/wordpress\/plugins\/seo\/ -->\n<title>Min\u00e4 - Pekka Tiitu<\/title>\n<meta name=\"robots\" content=\"index, follow, max-snippet:-1, max-image-preview:large, max-video-preview:-1\" \/>\n<link rel=\"canonical\" href=\"https:\/\/www.pekkatiitu.fi\/index.php\/mina\/\" \/>\n<meta property=\"og:locale\" content=\"fi_FI\" \/>\n<meta property=\"og:type\" content=\"article\" \/>\n<meta property=\"og:title\" content=\"Min\u00e4 - Pekka Tiitu\" \/>\n<meta property=\"og:description\" content=\"Olen ty\u00f6nohjaajana l\u00e4mmin ja empaattinen. T\u00e4n\u00e4 aikana, kun ty\u00f6el\u00e4m\u00e4n taakka kasvaa monella liiankin painavaksi, on tarjoamani ty\u00f6nohjaus rauhallinen ja turvallinen hetki melskeen keskell\u00e4. Olen harjoitellut kuuntelua ty\u00f6kseni jo yli 15-vuoden ajan ja olen hyv\u00e4 siin\u00e4.&nbsp; Sinun on helppo asettua ohjaukseen kanssani.&nbsp; Olen ty\u00f6skennellyt oppilaanohjaajana nuorten parissa. Ty\u00f6ni on opettanut herkkyyden [&hellip;]\" \/>\n<meta property=\"og:url\" content=\"https:\/\/www.pekkatiitu.fi\/index.php\/mina\/\" \/>\n<meta property=\"og:site_name\" content=\"Pekka Tiitu\" \/>\n<meta property=\"article:modified_time\" content=\"2021-12-28T12:08:08+00:00\" \/>\n<meta property=\"og:image\" content=\"http:\/\/www.pekkatiitu.fi\/wp-content\/uploads\/2021\/12\/4190mv-768x1024.jpg\" \/>\n<meta name=\"twitter:card\" content=\"summary_large_image\" \/>\n<meta name=\"twitter:label1\" content=\"Arvioitu lukuaika\" \/>\n\t<meta name=\"twitter:data1\" content=\"1 minuutti\" \/>\n<script type=\"application\/ld+json\" class=\"yoast-schema-graph\">{\"@context\":\"https:\/\/schema.org\",\"@graph\":[{\"@type\":[\"Person\",\"Organization\"],\"@id\":\"https:\/\/www.pekkatiitu.fi\/#\/schema\/person\/626e05674b9b2902ec811dd03803ebef\",\"name\":\"Pekka Tiitu\",\"image\":{\"@type\":\"ImageObject\",\"@id\":\"https:\/\/www.pekkatiitu.fi\/#personlogo\",\"inLanguage\":\"fi\",\"url\":\"http:\/\/www.pekkatiitu.fi\/wp-content\/uploads\/2021\/12\/PT-Pekka-Tiitu-logo-oval-tasa.png\",\"contentUrl\":\"http:\/\/www.pekkatiitu.fi\/wp-content\/uploads\/2021\/12\/PT-Pekka-Tiitu-logo-oval-tasa.png\",\"width\":1039,\"height\":1636,\"caption\":\"Pekka Tiitu\"},\"logo\":{\"@id\":\"https:\/\/www.pekkatiitu.fi\/#personlogo\"}},{\"@type\":\"WebSite\",\"@id\":\"https:\/\/www.pekkatiitu.fi\/#website\",\"url\":\"https:\/\/www.pekkatiitu.fi\/\",\"name\":\"Pekka Tiitu\",\"description\":\"Sinun ty&ouml;si tarina\",\"publisher\":{\"@id\":\"https:\/\/www.pekkatiitu.fi\/#\/schema\/person\/626e05674b9b2902ec811dd03803ebef\"},\"potentialAction\":[{\"@type\":\"SearchAction\",\"target\":{\"@type\":\"EntryPoint\",\"urlTemplate\":\"https:\/\/www.pekkatiitu.fi\/?s={search_term_string}\"},\"query-input\":\"required name=search_term_string\"}],\"inLanguage\":\"fi\"},{\"@type\":\"ImageObject\",\"@id\":\"https:\/\/www.pekkatiitu.fi\/index.php\/mina\/#primaryimage\",\"inLanguage\":\"fi\",\"url\":\"http:\/\/www.pekkatiitu.fi\/wp-content\/uploads\/2021\/12\/4190mv-768x1024.jpg\",\"contentUrl\":\"http:\/\/www.pekkatiitu.fi\/wp-content\/uploads\/2021\/12\/4190mv-768x1024.jpg\"},{\"@type\":\"WebPage\",\"@id\":\"https:\/\/www.pekkatiitu.fi\/index.php\/mina\/#webpage\",\"url\":\"https:\/\/www.pekkatiitu.fi\/index.php\/mina\/\",\"name\":\"Min\\u00e4 - Pekka Tiitu\",\"isPartOf\":{\"@id\":\"https:\/\/www.pekkatiitu.fi\/#website\"},\"primaryImageOfPage\":{\"@id\":\"https:\/\/www.pekkatiitu.fi\/index.php\/mina\/#primaryimage\"},\"datePublished\":\"2021-12-27T09:20:20+00:00\",\"dateModified\":\"2021-12-28T12:08:08+00:00\",\"breadcrumb\":{\"@id\":\"https:\/\/www.pekkatiitu.fi\/index.php\/mina\/#breadcrumb\"},\"inLanguage\":\"fi\",\"potentialAction\":[{\"@type\":\"ReadAction\",\"target\":[\"https:\/\/www.pekkatiitu.fi\/index.php\/mina\/\"]}]},{\"@type\":\"BreadcrumbList\",\"@id\":\"https:\/\/www.pekkatiitu.fi\/index.php\/mina\/#breadcrumb\",\"itemListElement\":[{\"@type\":\"ListItem\",\"position\":1,\"name\":\"Etusivu\",\"item\":\"https:\/\/www.pekkatiitu.fi\/\"},{\"@type\":\"ListItem\",\"position\":2,\"name\":\"Min\\u00e4\"}]}]}<\/script>\n<!-- \/ Yoast SEO plugin. -->","yoast_head_json":{"title":"Min\u00e4 - Pekka Tiitu","robots":{"index":"index","follow":"follow","max-snippet":"max-snippet:-1","max-image-preview":"max-image-preview:large","max-video-preview":"max-video-preview:-1"},"canonical":"https:\/\/www.pekkatiitu.fi\/index.php\/mina\/","og_locale":"fi_FI","og_type":"article","og_title":"Min\u00e4 - Pekka Tiitu","og_description":"Olen ty\u00f6nohjaajana l\u00e4mmin ja empaattinen. T\u00e4n\u00e4 aikana, kun ty\u00f6el\u00e4m\u00e4n taakka kasvaa monella liiankin painavaksi, on tarjoamani ty\u00f6nohjaus rauhallinen ja turvallinen hetki melskeen keskell\u00e4. Olen harjoitellut kuuntelua ty\u00f6kseni jo yli 15-vuoden ajan ja olen hyv\u00e4 siin\u00e4.&nbsp; Sinun on helppo asettua ohjaukseen kanssani.&nbsp; Olen ty\u00f6skennellyt oppilaanohjaajana nuorten parissa. Ty\u00f6ni on opettanut herkkyyden [&hellip;]","og_url":"https:\/\/www.pekkatiitu.fi\/index.php\/mina\/","og_site_name":"Pekka Tiitu","article_modified_time":"2021-12-28T12:08:08+00:00","og_image":[{"url":"http:\/\/www.pekkatiitu.fi\/wp-content\/uploads\/2021\/12\/4190mv-768x1024.jpg"}],"twitter_card":"summary_large_image","twitter_misc":{"Arvioitu lukuaika":"1 minuutti"},"schema":{"@context":"https:\/\/schema.org","@graph":[{"@type":["Person","Organization"],"@id":"https:\/\/www.pekkatiitu.fi\/#\/schema\/person\/626e05674b9b2902ec811dd03803ebef","name":"Pekka Tiitu","image":{"@type":"ImageObject","@id":"https:\/\/www.pekkatiitu.fi\/#personlogo","inLanguage":"fi","url":"http:\/\/www.pekkatiitu.fi\/wp-content\/uploads\/2021\/12\/PT-Pekka-Tiitu-logo-oval-tasa.png","contentUrl":"http:\/\/www.pekkatiitu.fi\/wp-content\/uploads\/2021\/12\/PT-Pekka-Tiitu-logo-oval-tasa.png","width":1039,"height":1636,"caption":"Pekka Tiitu"},"logo":{"@id":"https:\/\/www.pekkatiitu.fi\/#personlogo"}},{"@type":"WebSite","@id":"https:\/\/www.pekkatiitu.fi\/#website","url":"https:\/\/www.pekkatiitu.fi\/","name":"Pekka Tiitu","description":"Sinun ty&ouml;si tarina","publisher":{"@id":"https:\/\/www.pekkatiitu.fi\/#\/schema\/person\/626e05674b9b2902ec811dd03803ebef"},"potentialAction":[{"@type":"SearchAction","target":{"@type":"EntryPoint","urlTemplate":"https:\/\/www.pekkatiitu.fi\/?s={search_term_string}"},"query-input":"required name=search_term_string"}],"inLanguage":"fi"},{"@type":"ImageObject","@id":"https:\/\/www.pekkatiitu.fi\/index.php\/mina\/#primaryimage","inLanguage":"fi","url":"http:\/\/www.pekkatiitu.fi\/wp-content\/uploads\/2021\/12\/4190mv-768x1024.jpg","contentUrl":"http:\/\/www.pekkatiitu.fi\/wp-content\/uploads\/2021\/12\/4190mv-768x1024.jpg"},{"@type":"WebPage","@id":"https:\/\/www.pekkatiitu.fi\/index.php\/mina\/#webpage","url":"https:\/\/www.pekkatiitu.fi\/index.php\/mina\/","name":"Min\u00e4 - Pekka Tiitu","isPartOf":{"@id":"https:\/\/www.pekkatiitu.fi\/#website"},"primaryImageOfPage":{"@id":"https:\/\/www.pekkatiitu.fi\/index.php\/mina\/#primaryimage"},"datePublished":"2021-12-27T09:20:20+00:00","dateModified":"2021-12-28T12:08:08+00:00","breadcrumb":{"@id":"https:\/\/www.pekkatiitu.fi\/index.php\/mina\/#breadcrumb"},"inLanguage":"fi","potentialAction":[{"@type":"ReadAction","target":["https:\/\/www.pekkatiitu.fi\/index.php\/mina\/"]}]},{"@type":"BreadcrumbList","@id":"https:\/\/www.pekkatiitu.fi\/index.php\/mina\/#breadcrumb","itemListElement":[{"@type":"ListItem","position":1,"name":"Etusivu","item":"https:\/\/www.pekkatiitu.fi\/"},{"@type":"ListItem","position":2,"name":"Min\u00e4"}]}]}},"_links":{"self":[{"href":"https:\/\/www.pekkatiitu.fi\/index.php\/wp-json\/wp\/v2\/pages\/103"}],"collection":[{"href":"https:\/\/www.pekkatiitu.fi\/index.php\/wp-json\/wp\/v2\/pages"}],"about":[{"href":"https:\/\/www.pekkatiitu.fi\/index.php\/wp-json\/wp\/v2\/types\/page"}],"author":[{"embeddable":true,"href":"https:\/\/www.pekkatiitu.fi\/index.php\/wp-json\/wp\/v2\/users\/1"}],"replies":[{"embeddable":true,"href":"https:\/\/www.pekkatiitu.fi\/index.php\/wp-json\/wp\/v2\/comments?post=103"}],"version-history":[{"count":3,"href":"https:\/\/www.pekkatiitu.fi\/index.php\/wp-json\/wp\/v2\/pages\/103\/revisions"}],"predecessor-version":[{"id":136,"href":"https:\/\/www.pekkatiitu.fi\/index.php\/wp-json\/wp\/v2\/pages\/103\/revisions\/136"}],"wp:attachment":[{"href":"https:\/\/www.pekkatiitu.fi\/index.php\/wp-json\/wp\/v2\/media?parent=103"}],"curies":[{"name":"wp","href":"https:\/\/api.w.org\/{rel}","templated":true}]}}